{"id":7,"date":"2023-03-04T04:28:44","date_gmt":"2023-03-04T04:28:44","guid":{"rendered":"https:\/\/tze.ch\/?page_id=7"},"modified":"2023-03-04T05:37:58","modified_gmt":"2023-03-04T05:37:58","slug":"vermietung-lautsprecheranlage","status":"publish","type":"page","link":"https:\/\/www.tze.ch\/?page_id=7","title":{"rendered":"Vermietung Lautsprecheranlage"},"content":{"rendered":"\n<p>Die Lautsprecheranlage eignet sich f\u00fcr kleinere bis mittlere Veranstaltungen, wie zum Beispiel:<\/p>\n\n\n\n<ul class=\"wp-block-list\">\n<li>Pferdesporttage Gebenstorf: ca. 500 Aren beschalltes Gel\u00e4nde inkl. Festwirtschaft<\/li>\n\n\n\n<li>Springkonkurrenz Brugg: In Kombination mit festinstallierter Anlage ca. 1,5 Hektaren beschalltes Gel\u00e4nde inkl. Festwirtschaft<\/li>\n\n\n\n<li>Gr\u00fcmpelturnier M\u00e4genwil: Beschallung von 2 Fussballpl\u00e4tzen inkl. Festwirtschaft<\/li>\n<\/ul>\n\n\n\n<figure class=\"wp-block-image size-large\"><img loading=\"lazy\" decoding=\"async\" width=\"1024\" height=\"576\" src=\"https:\/\/www.tze.ch\/wp-content\/uploads\/2023\/03\/20190512_133054-1024x576.jpg\" alt=\"\" class=\"wp-image-27\" srcset=\"https:\/\/www.tze.ch\/wp-content\/uploads\/2023\/03\/20190512_133054-1024x576.jpg 1024w, https:\/\/www.tze.ch\/wp-content\/uploads\/2023\/03\/20190512_133054-300x169.jpg 300w, https:\/\/www.tze.ch\/wp-content\/uploads\/2023\/03\/20190512_133054-768x432.jpg 768w, https:\/\/www.tze.ch\/wp-content\/uploads\/2023\/03\/20190512_133054-1536x864.jpg 1536w, https:\/\/www.tze.ch\/wp-content\/uploads\/2023\/03\/20190512_133054-2048x1152.jpg 2048w, https:\/\/www.tze.ch\/wp-content\/uploads\/2023\/03\/20190512_133054-1568x882.jpg 1568w\" sizes=\"auto, (max-width: 1024px) 100vw, 1024px\" \/><\/figure>\n","protected":false},"excerpt":{"rendered":"<p>Die Lautsprecheranlage eignet sich f\u00fcr kleinere bis mittlere Veranstaltungen, wie zum Beispiel:<\/p>\n","protected":false},"author":1,"featured_media":0,"parent":0,"menu_order":0,"comment_status":"closed","ping_status":"closed","template":"","meta":{"footnotes":""},"class_list":["post-7","page","type-page","status-publish","hentry","entry"],"_links":{"self":[{"href":"https:\/\/www.tze.ch\/index.php?rest_route=\/wp\/v2\/pages\/7","targetHints":{"allow":["GET"]}}],"collection":[{"href":"https:\/\/www.tze.ch\/index.php?rest_route=\/wp\/v2\/pages"}],"about":[{"href":"https:\/\/www.tze.ch\/index.php?rest_route=\/wp\/v2\/types\/page"}],"author":[{"embeddable":true,"href":"https:\/\/www.tze.ch\/index.php?rest_route=\/wp\/v2\/users\/1"}],"replies":[{"embeddable":true,"href":"https:\/\/www.tze.ch\/index.php?rest_route=%2Fwp%2Fv2%2Fcomments&post=7"}],"version-history":[{"count":3,"href":"https:\/\/www.tze.ch\/index.php?rest_route=\/wp\/v2\/pages\/7\/revisions"}],"predecessor-version":[{"id":28,"href":"https:\/\/www.tze.ch\/index.php?rest_route=\/wp\/v2\/pages\/7\/revisions\/28"}],"wp:attachment":[{"href":"https:\/\/www.tze.ch\/index.php?rest_route=%2Fwp%2Fv2%2Fmedia&parent=7"}],"curies":[{"name":"wp","href":"https:\/\/api.w.org\/{rel}","templated":true}]}}